{"id":576,"date":"2022-01-28T15:34:41","date_gmt":"2022-01-28T14:34:41","guid":{"rendered":"http:\/\/bienmangerbassinminier.fr\/?page_id=576"},"modified":"2022-01-28T16:43:37","modified_gmt":"2022-01-28T15:43:37","slug":"le-court-circuit-2","status":"publish","type":"page","link":"https:\/\/bienmangerbassinminier.fr\/?page_id=576","title":{"rendered":"Le Court-Circuit"},"content":{"rendered":"\t\t<div data-elementor-type=\"wp-page\" data-elementor-id=\"576\" class=\"elementor elementor-576\" data-elementor-settings=\"[]\">\n\t\t\t\t\t\t\t<div class=\"elementor-section-wrap\">\n\t\t\t\t\t\t\t<section class=\"elementor-section elementor-top-section elementor-element elementor-element-cab664a elementor-section-boxed elementor-section-height-default elementor-section-height-default\" data-id=\"cab664a\" data-element_type=\"section\">\n\t\t\t\t\t\t<div class=\"elementor-container elementor-column-gap-default\">\n\t\t\t\t\t<div class=\"elementor-column elementor-col-100 elementor-top-column elementor-element elementor-element-25fd520\" data-id=\"25fd520\" data-element_type=\"column\">\n\t\t\t<div class=\"elementor-widget-wrap elementor-element-populated\">\n\t\t\t\t\t\t\t\t<div class=\"elementor-element elementor-element-5c042d6 elementor-widget elementor-widget-text-editor\" data-id=\"5c042d6\" data-element_type=\"widget\" data-widget_type=\"text-editor.default\">\n\t\t\t\t<div class=\"elementor-widget-container\">\n\t\t\t\t\t\t\t<p dir=\"ltr\" style=\"line-height: 1.2; text-align: center; margin-top: 0pt; margin-bottom: 0pt;\"><span style=\"font-size: 27.999999999999996pt; font-family: 'Libre Franklin',sans-serif; color: #000000; background-color: transparent; font-weight: 400; font-style: normal; font-variant: normal; text-decoration: none; vertical-align: baseline; white-space: pre-wrap;\">Le Court-circuit<\/span><\/p><h1 dir=\"ltr\" style=\"line-height: 1.2; text-align: center; margin-top: 12pt; margin-bottom: 0pt;\"><span style=\"font-size: 16pt; font-family: 'Libre Franklin',sans-serif; color: #2f5496; background-color: transparent; font-weight: 400; font-style: normal; font-variant: normal; text-decoration: none; vertical-align: baseline; white-space: pre-wrap;\"><span style=\"border: none; display: inline-block; overflow: hidden; width: 160px; height: 160px;\"><img decoding=\"async\" loading=\"lazy\" style=\"margin-left: 0px; margin-top: 0px;\" src=\"https:\/\/lh3.googleusercontent.com\/42xShkfG5Bm2-T8EJP_co9CCT0OxDOywHEFn5ZQHw9Nha-R9RGl-H4cNmcz5N5L-ILpwnpLFQ_6QXwBuWLgmdCfV1nRD3PRxKw5UrhGgs0uffQV0s3UhBTI7maa05Mczng0swadh\" alt=\"..\/..\/LogoCarre.png\" width=\"160\" height=\"160\" \/><\/span><\/span><\/h1><p><b id=\"docs-internal-guid-0cc97204-7fff-7a2c-eb55-bd00f3f9894b\" style=\"font-weight: normal;\"><br \/><br \/><\/b><\/p><h1 dir=\"ltr\" style=\"line-height: 1.2; text-align: justify; margin-top: 12pt; margin-bottom: 0pt;\"><span style=\"font-size: 16pt; font-family: 'Libre Franklin',sans-serif; color: #2f5496; background-color: transparent; font-weight: 400; font-style: normal; font-variant: normal; text-decoration: none; vertical-align: baseline; white-space: pre-wrap;\">Repr\u00e9sentants :\u00a0<\/span><\/h1><p dir=\"ltr\" style=\"line-height: 1.2; text-align: justify; margin-top: 0pt; margin-bottom: 0pt;\"><span style=\"font-size: 12pt; font-family: 'Libre Franklin',sans-serif; color: #000000; background-color: transparent; font-weight: 400; font-style: normal; font-variant: normal; text-decoration: none; vertical-align: baseline; white-space: pre-wrap;\">Jimmy Devemy, Maxence Messiant et Anthony Voilet<\/span><\/p><h1 dir=\"ltr\" style=\"line-height: 1.2; text-align: justify; margin-top: 12pt; margin-bottom: 0pt;\"><span style=\"font-size: 16pt; font-family: 'Libre Franklin',sans-serif; color: #2f5496; background-color: transparent; font-weight: 400; font-style: normal; font-variant: normal; text-decoration: none; vertical-align: baseline; white-space: pre-wrap;\">Contact et adresse :\u00a0<\/span><\/h1><p dir=\"ltr\" style=\"line-height: 1.2; text-align: justify; margin-top: 0pt; margin-bottom: 0pt;\"><span style=\"font-size: 12pt; font-family: 'Libre Franklin',sans-serif; color: #000000; background-color: transparent; font-weight: 400; font-style: normal; font-variant: normal; text-decoration: none; vertical-align: baseline; white-space: pre-wrap;\">06 51 00 39 98<\/span><\/p><p dir=\"ltr\" style=\"line-height: 1.2; text-align: justify; margin-top: 0pt; margin-bottom: 0pt;\"><a style=\"text-decoration: none;\" href=\"mailto:contact@lecourtcircuit.fr\"><span style=\"font-size: 12pt; font-family: 'Libre Franklin',sans-serif; color: #0563c1; background-color: transparent; font-weight: 400; font-style: normal; font-variant: normal; text-decoration: underline; -webkit-text-decoration-skip: none; text-decoration-skip-ink: none; vertical-align: baseline; white-space: pre-wrap;\">contact@lecourtcircuit.fr<\/span><\/a><\/p><p dir=\"ltr\" style=\"line-height: 1.2; text-align: justify; margin-top: 0pt; margin-bottom: 0pt;\"><span style=\"font-size: 12pt; font-family: 'Libre Franklin',sans-serif; color: #000000; background-color: transparent; font-weight: 400; font-style: normal; font-variant: normal; text-decoration: none; vertical-align: baseline; white-space: pre-wrap;\">75 rue L\u00e9on Gambetta, 59000 Lille<\/span><\/p><h1 dir=\"ltr\" style=\"line-height: 1.2; text-align: justify; margin-top: 12pt; margin-bottom: 0pt;\"><span style=\"font-size: 16pt; font-family: 'Libre Franklin',sans-serif; color: #2f5496; background-color: transparent; font-weight: 400; font-style: normal; font-variant: normal; text-decoration: none; vertical-align: baseline; white-space: pre-wrap;\">Type de structure\u00a0:\u00a0<\/span><\/h1><p dir=\"ltr\" style=\"line-height: 1.2; text-align: justify; margin-top: 0pt; margin-bottom: 0pt;\"><span style=\"font-size: 12pt; font-family: 'Libre Franklin',sans-serif; color: #000000; background-color: transparent; font-weight: 400; font-style: normal; font-variant: normal; text-decoration: none; vertical-align: baseline; white-space: pre-wrap;\">Magasin en ligne\u00a0<\/span><\/p><h1 dir=\"ltr\" style=\"line-height: 1.2; text-align: justify; margin-top: 12pt; margin-bottom: 0pt;\"><span style=\"font-size: 16pt; font-family: 'Libre Franklin',sans-serif; color: #2f5496; background-color: transparent; font-weight: 400; font-style: normal; font-variant: normal; text-decoration: none; vertical-align: baseline; white-space: pre-wrap;\">Historique et pr\u00e9sentation succincte\u00a0:\u00a0<\/span><\/h1><p dir=\"ltr\" style=\"line-height: 1.2; text-align: justify; margin-top: 0pt; margin-bottom: 0pt;\"><span style=\"font-size: 12pt; font-family: 'Libre Franklin',sans-serif; color: #000000; background-color: transparent; font-weight: 400; font-style: normal; font-variant: normal; text-decoration: none; vertical-align: baseline; white-space: pre-wrap;\">Entreprise cr\u00e9\u00e9e en 2013 par trois amis ayant l&rsquo;id\u00e9e de soutenir la distribution des produits du Nord-Pas-de-Calais et de construire un lien entre producteurs et consommateurs. Une plateforme s\u2019est alors cr\u00e9\u00e9e et aujourd\u2019hui les produits sont accessibles dans pr\u00e8s de 35 points relais de la r\u00e9gion. Les points relais sont rattach\u00e9s \u00e0 des producteurs qui centralisent leurs commandes aupr\u00e8s de l\u2019un d\u2019eux charg\u00e9 de la distribution aupr\u00e8s des consommateurs.<\/span><span style=\"font-size: 12pt; font-family: 'Libre Franklin',sans-serif; color: #000000; background-color: transparent; font-weight: 400; font-style: normal; font-variant: normal; text-decoration: none; vertical-align: baseline; white-space: pre-wrap;\"><br \/><\/span><span style=\"font-size: 12pt; font-family: 'Libre Franklin',sans-serif; color: #000000; background-color: transparent; font-weight: 400; font-style: normal; font-variant: normal; text-decoration: none; vertical-align: baseline; white-space: pre-wrap;\">L\u2019entreprise se revendique de l\u2019ESS dans sa d\u00e9marche ou encore dans ses statuts.\u00a0<\/span><\/p><h1 dir=\"ltr\" style=\"line-height: 1.2; text-align: justify; margin-top: 12pt; margin-bottom: 0pt;\"><span style=\"font-size: 16pt; font-family: 'Libre Franklin',sans-serif; color: #2f5496; background-color: transparent; font-weight: 400; font-style: normal; font-variant: normal; text-decoration: none; vertical-align: baseline; white-space: pre-wrap;\">Implantation, rayonnement et public :\u00a0<\/span><\/h1><p>\u00a0<\/p><p dir=\"ltr\" style=\"line-height: 1.2; text-align: justify; margin-top: 0pt; margin-bottom: 0pt;\"><span style=\"font-size: 12pt; font-family: 'Libre Franklin',sans-serif; color: #000000; background-color: transparent; font-weight: 400; font-style: normal; font-variant: normal; text-decoration: none; vertical-align: baseline; white-space: pre-wrap;\">Bas\u00e9 sur la m\u00e9tropole lilloise et revendiquant ses racines, le Court-Circuit ne vise pas \u00e0 s\u2019agrandir au-del\u00e0 des fronti\u00e8res de la r\u00e9gion. Les points relais sont bas\u00e9s sur Lille, B\u00e9thune ou encore Dunkerque et sont divers\u00a0: certaines gares, des tiers-lieux, espaces culturels mais aussi notamment l&rsquo;Ecop\u00f4le alimentaire \u00e0 l\u2019initiative des Anges Gardins situ\u00e9 \u00e0 Vieille-Eglise. <\/span><\/p><div><span style=\"font-size: 12pt; font-family: 'Libre Franklin',sans-serif; color: #000000; background-color: transparent; font-weight: 400; font-style: normal; font-variant: normal; text-decoration: none; vertical-align: baseline; white-space: pre-wrap;\">\u00a0<\/span><\/div>\t\t\t\t\t\t<\/div>\n\t\t\t\t<\/div>\n\t\t\t\t\t<\/div>\n\t\t<\/div>\n\t\t\t\t\t\t\t<\/div>\n\t\t<\/section>\n\t\t\t\t\t\t<\/div>\n\t\t\t\t\t<\/div>\n\t\t","protected":false},"excerpt":{"rendered":"<p>Le Court-circuit Repr\u00e9sentants :\u00a0 Jimmy Devemy, Maxence Messiant et Anthony Voilet Contact et adresse :\u00a0 06 51 00 39 98 contact@lecourtcircuit.fr 75 rue L\u00e9on Gambetta, 59000 Lille Type de structure\u00a0:\u00a0 Magasin en ligne\u00a0 Historique et&hellip;<\/p>\n","protected":false},"author":1,"featured_media":0,"parent":0,"menu_order":0,"comment_status":"closed","ping_status":"closed","template":"","meta":[],"_links":{"self":[{"href":"https:\/\/bienmangerbassinminier.fr\/index.php?rest_route=\/wp\/v2\/pages\/576"}],"collection":[{"href":"https:\/\/bienmangerbassinminier.fr\/index.php?rest_route=\/wp\/v2\/pages"}],"about":[{"href":"https:\/\/bienmangerbassinminier.fr\/index.php?rest_route=\/wp\/v2\/types\/page"}],"author":[{"embeddable":true,"href":"https:\/\/bienmangerbassinminier.fr\/index.php?rest_route=\/wp\/v2\/users\/1"}],"replies":[{"embeddable":true,"href":"https:\/\/bienmangerbassinminier.fr\/index.php?rest_route=%2Fwp%2Fv2%2Fcomments&post=576"}],"version-history":[{"count":7,"href":"https:\/\/bienmangerbassinminier.fr\/index.php?rest_route=\/wp\/v2\/pages\/576\/revisions"}],"predecessor-version":[{"id":721,"href":"https:\/\/bienmangerbassinminier.fr\/index.php?rest_route=\/wp\/v2\/pages\/576\/revisions\/721"}],"wp:attachment":[{"href":"https:\/\/bienmangerbassinminier.fr\/index.php?rest_route=%2Fwp%2Fv2%2Fmedia&parent=576"}],"curies":[{"name":"wp","href":"https:\/\/api.w.org\/{rel}","templated":true}]}}