{"id":534,"date":"2022-01-28T15:20:47","date_gmt":"2022-01-28T14:20:47","guid":{"rendered":"http:\/\/bienmangerbassinminier.fr\/?page_id=534"},"modified":"2022-01-28T16:32:20","modified_gmt":"2022-01-28T15:32:20","slug":"sia-habitat-2","status":"publish","type":"page","link":"https:\/\/bienmangerbassinminier.fr\/?page_id=534","title":{"rendered":"SIA Habitat"},"content":{"rendered":"\t\t<div data-elementor-type=\"wp-page\" data-elementor-id=\"534\" class=\"elementor elementor-534\" data-elementor-settings=\"[]\">\n\t\t\t\t\t\t\t<div class=\"elementor-section-wrap\">\n\t\t\t\t\t\t\t<section class=\"elementor-section elementor-top-section elementor-element elementor-element-0218d55 elementor-section-boxed elementor-section-height-default elementor-section-height-default\" data-id=\"0218d55\" data-element_type=\"section\">\n\t\t\t\t\t\t<div class=\"elementor-container elementor-column-gap-default\">\n\t\t\t\t\t<div class=\"elementor-column elementor-col-100 elementor-top-column elementor-element elementor-element-6183748\" data-id=\"6183748\" data-element_type=\"column\">\n\t\t\t<div class=\"elementor-widget-wrap elementor-element-populated\">\n\t\t\t\t\t\t\t\t<div class=\"elementor-element elementor-element-713e042 elementor-widget elementor-widget-text-editor\" data-id=\"713e042\" data-element_type=\"widget\" data-widget_type=\"text-editor.default\">\n\t\t\t\t<div class=\"elementor-widget-container\">\n\t\t\t\t\t\t\t<p dir=\"ltr\" style=\"line-height: 1.3800000000000001; text-align: center; margin-top: 0pt; margin-bottom: 3pt;\"><span style=\"font-size: 26pt; font-family: 'Libre Franklin',sans-serif; color: #000000; background-color: transparent; font-weight: 400; font-style: normal; font-variant: normal; text-decoration: none; vertical-align: baseline; white-space: pre-wrap;\">SIA Habitat<\/span><\/p><p><b id=\"docs-internal-guid-a25b682d-7fff-799c-f7d6-4d0246ab3d1c\" style=\"font-weight: normal;\">\u00a0<\/b><\/p><p dir=\"ltr\" style=\"line-height: 1.2; text-align: center; margin-top: 0pt; margin-bottom: 0pt;\"><span style=\"font-size: 12pt; font-family: 'Libre Franklin',sans-serif; color: #000000; background-color: transparent; font-weight: 400; font-style: normal; font-variant: normal; text-decoration: none; vertical-align: baseline; white-space: pre-wrap;\"><span style=\"border: none; display: inline-block; overflow: hidden; width: 227px; height: 69px;\"><img decoding=\"async\" loading=\"lazy\" style=\"margin-left: 0px; margin-top: 0px;\" src=\"https:\/\/lh6.googleusercontent.com\/p5Yp0WlV0GEM0dJHdIJuBx4IRuZfqZjYNlnrRqBnDe4DTygo0MjeksM15hTv5TzwgfcWvBH0mdtY908WThqUbNR9XJLOVGx7EF4Gs6T67X5KVbwwqpjtQ9k5CIaCGKQZ0PaC-ws\" width=\"227\" height=\"69\" \/><\/span><\/span><\/p><p><b style=\"font-weight: normal;\">\u00a0<\/b><\/p><p dir=\"ltr\" style=\"line-height: 1.2; margin-top: 0pt; margin-bottom: 0pt;\"><span style=\"font-size: 16pt; font-family: 'Libre Franklin',sans-serif; color: #2f5496; background-color: transparent; font-weight: 400; font-style: normal; font-variant: normal; text-decoration: none; vertical-align: baseline; white-space: pre-wrap;\">Repr\u00e9sentants :\u00a0<\/span><\/p><p dir=\"ltr\" style=\"line-height: 1.2; text-align: justify; margin-top: 0pt; margin-bottom: 0pt;\"><span style=\"font-size: 12pt; font-family: 'Libre Franklin',sans-serif; color: #000000; background-color: transparent; font-weight: 400; font-style: normal; font-variant: normal; text-decoration: none; vertical-align: baseline; white-space: pre-wrap;\">Sandrine BERTELOOT (Responsable Qualit\u00e9 \u00e0 la Direction de la R\u00e9habilitation et Renouvellement Urbain) et Martin BARBARAS (Assistant Projets D\u00e9veloppement Social Urbain \u00e0 la DRRU)<\/span><\/p><h1 dir=\"ltr\" style=\"line-height: 1.2; text-align: justify; margin-top: 12pt; margin-bottom: 0pt;\"><span style=\"font-size: 16pt; font-family: 'Libre Franklin',sans-serif; color: #2f5496; background-color: transparent; font-weight: 400; font-style: normal; font-variant: normal; text-decoration: none; vertical-align: baseline; white-space: pre-wrap;\">Contact et adresse :\u00a0<\/span><\/h1><p dir=\"ltr\" style=\"line-height: 1.2; text-align: justify; margin-top: 0pt; margin-bottom: 0pt;\"><span style=\"font-size: 12pt; font-family: 'Libre Franklin',sans-serif; color: #000000; background-color: transparent; font-weight: 400; font-style: normal; font-variant: normal; text-decoration: none; vertical-align: baseline; white-space: pre-wrap;\">Martin BARBARAS : <\/span><a style=\"text-decoration: none;\" href=\"mailto:martin.barbaras@sia-habitat.com\"><span style=\"font-size: 12pt; font-family: 'Libre Franklin',sans-serif; color: #1155cc; background-color: transparent; font-weight: 400; font-style: normal; font-variant: normal; text-decoration: underline; -webkit-text-decoration-skip: none; text-decoration-skip-ink: none; vertical-align: baseline; white-space: pre-wrap;\">martin.barbaras@sia-habitat.com <\/span><\/a><span style=\"font-size: 12pt; font-family: 'Libre Franklin',sans-serif; color: #000000; background-color: transparent; font-weight: 400; font-style: normal; font-variant: normal; text-decoration: none; vertical-align: baseline; white-space: pre-wrap;\">\/ 06.81.68.92.94<\/span><\/p><p dir=\"ltr\" style=\"line-height: 1.2; text-align: justify; margin-top: 0pt; margin-bottom: 0pt;\"><span style=\"font-size: 12pt; font-family: 'Libre Franklin',sans-serif; color: #000000; background-color: transparent; font-weight: 400; font-style: normal; font-variant: normal; text-decoration: none; vertical-align: baseline; white-space: pre-wrap;\">67 Avenue des Potiers, 59500 Douai<\/span><\/p><h1 dir=\"ltr\" style=\"line-height: 1.2; text-align: justify; margin-top: 12pt; margin-bottom: 0pt;\"><span style=\"font-size: 16pt; font-family: 'Libre Franklin',sans-serif; color: #2f5496; background-color: transparent; font-weight: 400; font-style: normal; font-variant: normal; text-decoration: none; vertical-align: baseline; white-space: pre-wrap;\">Type de structure :\u00a0<\/span><\/h1><p dir=\"ltr\" style=\"line-height: 1.2; text-align: justify; margin-top: 0pt; margin-bottom: 0pt;\"><span style=\"font-size: 12pt; font-family: 'Libre Franklin',sans-serif; color: #000000; background-color: transparent; font-weight: 400; font-style: normal; font-variant: normal; text-decoration: none; vertical-align: baseline; white-space: pre-wrap;\">Bailleur social\u00a0<\/span><\/p><h1 dir=\"ltr\" style=\"line-height: 1.2; text-align: justify; margin-top: 12pt; margin-bottom: 0pt;\"><span style=\"font-size: 16pt; font-family: 'Libre Franklin',sans-serif; color: #2f5496; background-color: transparent; font-weight: 400; font-style: normal; font-variant: normal; text-decoration: none; vertical-align: baseline; white-space: pre-wrap;\">Pr\u00e9sentation succincte :\u00a0<\/span><\/h1><p dir=\"ltr\" style=\"line-height: 1.2; text-align: justify; margin-top: 0pt; margin-bottom: 0pt;\"><span style=\"font-size: 12pt; font-family: 'Libre Franklin',sans-serif; color: #000000; background-color: transparent; font-weight: 400; font-style: normal; font-variant: normal; text-decoration: none; vertical-align: baseline; white-space: pre-wrap;\">Cr\u00e9\u00e9 en 1921, SIA Habitat est une ancienne filiale des compagnies mini\u00e8res de la r\u00e9gion. Incorpor\u00e9 au \u201cGroupe SIA\u201d, le bailleur est engag\u00e9 depuis 2011 dans une d\u00e9marche de r\u00e9novation thermique de ses logements. SIA Habitat a notamment \u00e9t\u00e9 un acteur dans l\u2019inscription au patrimoine mondial de l\u2019Unesco du Bassin Minier.\u00a0<\/span><\/p><p dir=\"ltr\" style=\"line-height: 1.2; text-align: justify; margin-top: 0pt; margin-bottom: 0pt;\"><span style=\"font-size: 12pt; font-family: 'Libre Franklin',sans-serif; color: #000000; background-color: transparent; font-weight: 400; font-style: normal; font-variant: normal; text-decoration: none; vertical-align: baseline; white-space: pre-wrap;\">SIA Habitat est engag\u00e9 depuis plus d\u2019un an dans une action avec les Anges Gardins sur la Cit\u00e9 des Provinces \u00e0 Lens pour soutenir la mobilisation habitante et cofinance notamment la distribution de paniers solidaires pour les locataires (13 pour l\u2019instant).<\/span><\/p><h1 dir=\"ltr\" style=\"line-height: 1.2; text-align: justify; margin-top: 12pt; margin-bottom: 0pt;\"><span style=\"font-size: 16pt; font-family: 'Libre Franklin',sans-serif; color: #2f5496; background-color: transparent; font-weight: 400; font-style: normal; font-variant: normal; text-decoration: none; vertical-align: baseline; white-space: pre-wrap;\">Implantation, rayonnement et public :\u00a0<\/span><\/h1><p>\u00a0<\/p><p dir=\"ltr\" style=\"line-height: 1.2; text-align: justify; margin-top: 0pt; margin-bottom: 0pt;\"><span style=\"font-size: 12pt; font-family: 'Libre Franklin',sans-serif; color: #000000; background-color: transparent; font-weight: 400; font-style: normal; font-variant: normal; text-decoration: none; vertical-align: baseline; white-space: pre-wrap;\">SIA Habitat est implant\u00e9 dans le Nord et le Pas-de-Calais. L\u2019entreprise g\u00e8re et anime plus de 44.000 logements dans la r\u00e9gion Hauts-de-France. Cela en fait l\u2019un des op\u00e9rateurs majeurs du logement social et la 3\u00e8me ESH (Entreprise Sociale pour l&rsquo;Habitat) de la r\u00e9gion. Acteur historique du Bassin Minier, l\u2019entreprise est propri\u00e9taire de certaines cit\u00e9s inscrites au patrimoine mondial de l\u2019Unesco.<\/span><\/p><div><span style=\"font-size: 12pt; font-family: 'Libre Franklin',sans-serif; color: #000000; background-color: transparent; font-weight: 400; font-style: normal; font-variant: normal; text-decoration: none; vertical-align: baseline; white-space: pre-wrap;\">\u00a0<\/span><\/div>\t\t\t\t\t\t<\/div>\n\t\t\t\t<\/div>\n\t\t\t\t\t<\/div>\n\t\t<\/div>\n\t\t\t\t\t\t\t<\/div>\n\t\t<\/section>\n\t\t\t\t\t\t<\/div>\n\t\t\t\t\t<\/div>\n\t\t","protected":false},"excerpt":{"rendered":"<p>SIA Habitat \u00a0 \u00a0 Repr\u00e9sentants :\u00a0 Sandrine BERTELOOT (Responsable Qualit\u00e9 \u00e0 la Direction de la R\u00e9habilitation et Renouvellement Urbain) et Martin BARBARAS (Assistant Projets D\u00e9veloppement Social Urbain \u00e0 la DRRU) Contact et adresse :\u00a0 Martin&hellip;<\/p>\n","protected":false},"author":1,"featured_media":0,"parent":0,"menu_order":0,"comment_status":"closed","ping_status":"closed","template":"","meta":[],"_links":{"self":[{"href":"https:\/\/bienmangerbassinminier.fr\/index.php?rest_route=\/wp\/v2\/pages\/534"}],"collection":[{"href":"https:\/\/bienmangerbassinminier.fr\/index.php?rest_route=\/wp\/v2\/pages"}],"about":[{"href":"https:\/\/bienmangerbassinminier.fr\/index.php?rest_route=\/wp\/v2\/types\/page"}],"author":[{"embeddable":true,"href":"https:\/\/bienmangerbassinminier.fr\/index.php?rest_route=\/wp\/v2\/users\/1"}],"replies":[{"embeddable":true,"href":"https:\/\/bienmangerbassinminier.fr\/index.php?rest_route=%2Fwp%2Fv2%2Fcomments&post=534"}],"version-history":[{"count":7,"href":"https:\/\/bienmangerbassinminier.fr\/index.php?rest_route=\/wp\/v2\/pages\/534\/revisions"}],"predecessor-version":[{"id":685,"href":"https:\/\/bienmangerbassinminier.fr\/index.php?rest_route=\/wp\/v2\/pages\/534\/revisions\/685"}],"wp:attachment":[{"href":"https:\/\/bienmangerbassinminier.fr\/index.php?rest_route=%2Fwp%2Fv2%2Fmedia&parent=534"}],"curies":[{"name":"wp","href":"https:\/\/api.w.org\/{rel}","templated":true}]}}