{"id":511,"date":"2022-01-28T15:15:37","date_gmt":"2022-01-28T14:15:37","guid":{"rendered":"http:\/\/bienmangerbassinminier.fr\/?page_id=511"},"modified":"2022-01-28T16:25:23","modified_gmt":"2022-01-28T15:25:23","slug":"ccas-de-loos-en-gohelle","status":"publish","type":"page","link":"https:\/\/bienmangerbassinminier.fr\/?page_id=511","title":{"rendered":"CCAS de Loos-en-Gohelle"},"content":{"rendered":"\t\t<div data-elementor-type=\"wp-page\" data-elementor-id=\"511\" class=\"elementor elementor-511\" data-elementor-settings=\"[]\">\n\t\t\t\t\t\t\t<div class=\"elementor-section-wrap\">\n\t\t\t\t\t\t\t<section class=\"elementor-section elementor-top-section elementor-element elementor-element-7067cce elementor-section-boxed elementor-section-height-default elementor-section-height-default\" data-id=\"7067cce\" data-element_type=\"section\">\n\t\t\t\t\t\t<div class=\"elementor-container elementor-column-gap-default\">\n\t\t\t\t\t<div class=\"elementor-column elementor-col-100 elementor-top-column elementor-element elementor-element-0c97c75\" data-id=\"0c97c75\" data-element_type=\"column\">\n\t\t\t<div class=\"elementor-widget-wrap elementor-element-populated\">\n\t\t\t\t\t\t\t\t<div class=\"elementor-element elementor-element-757cfa1 elementor-widget elementor-widget-text-editor\" data-id=\"757cfa1\" data-element_type=\"widget\" data-widget_type=\"text-editor.default\">\n\t\t\t\t<div class=\"elementor-widget-container\">\n\t\t\t\t\t\t\t<p dir=\"ltr\" style=\"line-height: 1.3800000000000001; text-align: center; margin-top: 0pt; margin-bottom: 3pt;\"><span style=\"font-size: 26pt; font-family: 'Libre Franklin',sans-serif; color: #000000; background-color: transparent; font-weight: 400; font-style: normal; font-variant: normal; text-decoration: none; vertical-align: baseline; white-space: pre-wrap;\">CCAS de Loos-en-Gohelle<\/span><\/p><p><b id=\"docs-internal-guid-0f180abd-7fff-188c-b302-a33fdc5be795\" style=\"font-weight: normal;\">\u00a0<\/b><\/p><p dir=\"ltr\" style=\"line-height: 1.2; text-align: center; margin-top: 0pt; margin-bottom: 0pt;\"><span style=\"font-size: 12pt; font-family: 'Libre Franklin',sans-serif; color: #000000; background-color: transparent; font-weight: 400; font-style: normal; font-variant: normal; text-decoration: none; vertical-align: baseline; white-space: pre-wrap;\"><span style=\"border: none; display: inline-block; overflow: hidden; width: 224px; height: 90px;\"><img decoding=\"async\" loading=\"lazy\" style=\"margin-left: 0px; margin-top: 0px;\" src=\"https:\/\/lh5.googleusercontent.com\/r9a45vrnd0diEh1FTZNK2LW8J1UVuhjPA-S33pq1Nkw93pDfe4I05eUWwkEpweO5NFl_rpq_k3KJzWdSbNh_YIkW934h4aBwDSbqBYr0r7wxEJMymMOl6InKODeEANLT5SsfuqA\" width=\"224\" height=\"90\" \/><\/span><\/span><\/p><h1 dir=\"ltr\" style=\"line-height: 1.2; margin-top: 12pt; margin-bottom: 0pt;\"><span style=\"font-size: 16pt; font-family: 'Libre Franklin',sans-serif; color: #2f5496; background-color: transparent; font-weight: 400; font-style: normal; font-variant: normal; text-decoration: none; vertical-align: baseline; white-space: pre-wrap;\">Repr\u00e9sentante :\u00a0<\/span><\/h1><p dir=\"ltr\" style=\"line-height: 1.2; margin-top: 0pt; margin-bottom: 0pt;\"><span style=\"font-size: 12pt; font-family: 'Libre Franklin',sans-serif; color: #000000; background-color: transparent; font-weight: 400; font-style: normal; font-variant: normal; text-decoration: none; vertical-align: baseline; white-space: pre-wrap;\">Christine OULD-RABAH (Directrice)<\/span><\/p><h1 dir=\"ltr\" style=\"line-height: 1.2; margin-top: 12pt; margin-bottom: 0pt;\"><span style=\"font-size: 16pt; font-family: 'Libre Franklin',sans-serif; color: #2f5496; background-color: transparent; font-weight: 400; font-style: normal; font-variant: normal; text-decoration: none; vertical-align: baseline; white-space: pre-wrap;\">Contact et adresse :\u00a0<\/span><\/h1><p dir=\"ltr\" style=\"line-height: 1.2; margin-top: 0pt; margin-bottom: 0pt;\"><span style=\"font-size: 12pt; font-family: 'Libre Franklin',sans-serif; color: #000000; background-color: transparent; font-weight: 400; font-style: normal; font-variant: normal; text-decoration: none; vertical-align: baseline; white-space: pre-wrap;\">03 21 69 09 58<\/span><\/p><p dir=\"ltr\" style=\"line-height: 1.2; margin-top: 0pt; margin-bottom: 0pt;\"><a style=\"text-decoration: none;\" href=\"mailto:christine.ould-rabah@loos-en-gohelle.fr\"><span style=\"font-size: 12pt; font-family: 'Libre Franklin',sans-serif; color: #1155cc; background-color: transparent; font-weight: 400; font-style: normal; font-variant: normal; text-decoration: underline; -webkit-text-decoration-skip: none; text-decoration-skip-ink: none; vertical-align: baseline; white-space: pre-wrap;\">christine.ould-rabah@loos-en-gohelle.fr<\/span><\/a><\/p><p dir=\"ltr\" style=\"line-height: 1.2; margin-top: 0pt; margin-bottom: 0pt;\"><span style=\"font-size: 12pt; font-family: 'Libre Franklin',sans-serif; color: #000000; background-color: transparent; font-weight: 400; font-style: normal; font-variant: normal; text-decoration: none; vertical-align: baseline; white-space: pre-wrap;\">Place de la R\u00e9publique, 62750 Loos-en-Gohelle<\/span><\/p><h1 dir=\"ltr\" style=\"line-height: 1.2; text-align: justify; margin-top: 12pt; margin-bottom: 0pt;\"><span style=\"font-size: 16pt; font-family: 'Libre Franklin',sans-serif; color: #2f5496; background-color: transparent; font-weight: 400; font-style: normal; font-variant: normal; text-decoration: none; vertical-align: baseline; white-space: pre-wrap;\">Type de structure :\u00a0<\/span><\/h1><p dir=\"ltr\" style=\"line-height: 1.2; margin-top: 0pt; margin-bottom: 0pt;\"><span style=\"font-size: 12pt; font-family: 'Libre Franklin',sans-serif; color: #000000; background-color: transparent; font-weight: 400; font-style: normal; font-variant: normal; text-decoration: none; vertical-align: baseline; white-space: pre-wrap;\">Centre Communal d\u2019Action Sociale (\u00e9tablissement public administratif)<\/span><\/p><h1 dir=\"ltr\" style=\"line-height: 1.2; text-align: justify; margin-top: 12pt; margin-bottom: 0pt;\"><span style=\"font-size: 16pt; font-family: 'Libre Franklin',sans-serif; color: #2f5496; background-color: transparent; font-weight: 400; font-style: normal; font-variant: normal; text-decoration: none; vertical-align: baseline; white-space: pre-wrap;\">Pr\u00e9sentation succincte :\u00a0<\/span><\/h1><p dir=\"ltr\" style=\"line-height: 1.2; text-align: justify; margin-top: 0pt; margin-bottom: 0pt;\"><span style=\"font-size: 12pt; font-family: 'Libre Franklin',sans-serif; color: #000000; background-color: transparent; font-weight: 400; font-style: normal; font-variant: normal; text-decoration: none; vertical-align: baseline; white-space: pre-wrap;\">Le CCAS de Loos-en-Gohelle accompagne les habitants de diff\u00e9rentes fa\u00e7ons dans leurs d\u00e9marches, pour rem\u00e9dier \u00e0 des situations de pr\u00e9carit\u00e9 ou de difficult\u00e9s sociales. Tous les publics sont concern\u00e9s, que ce soit des familles, des personnes \u00e2g\u00e9es, des personnes en situation de handicap\u2026 Le public peut \u00eatre directement pris en charge par le CCAS ou orient\u00e9 par des partenaires locaux. Les missions du CCAS sont larges et peuvent notamment \u00eatre d\u2019aider dans des d\u00e9marches administratives (constituer des dossiers de RSA, faire des demandes de logement\u2026), de fournir des aides sociales (communales, ch\u00e8ques d\u2019accompagnement\u2026), d\u2019accompagner un placement en maison de retraite ou en foyer\u2026\u00a0<\/span><\/p><p dir=\"ltr\" style=\"line-height: 1.2; text-align: justify; margin-top: 0pt; margin-bottom: 0pt;\"><span style=\"font-size: 12pt; font-family: 'Libre Franklin',sans-serif; color: #000000; background-color: transparent; font-weight: 400; font-style: normal; font-variant: normal; text-decoration: none; vertical-align: baseline; white-space: pre-wrap;\">Dans le cadre de la lutte contre l\u2019exclusion et notamment alimentaire, le CCAS de Loos-en-Gohelle cofinance le dispositif des paniers solidaires (avec Les Anges Gardins) pour une petite dizaine de foyers, c\u2019est-\u00e0-dire un abonnement \u00e0 des paniers de l\u00e9gumes bio pour des personnes en situation de pr\u00e9carit\u00e9.\u00a0<\/span><\/p><p><b style=\"font-weight: normal;\">\u00a0<\/b><\/p><h1 dir=\"ltr\" style=\"line-height: 1.2; text-align: justify; margin-top: 12pt; margin-bottom: 0pt;\"><span style=\"font-size: 16pt; font-family: 'Libre Franklin',sans-serif; color: #2f5496; background-color: transparent; font-weight: 400; font-style: normal; font-variant: normal; text-decoration: none; vertical-align: baseline; white-space: pre-wrap;\">Implantation, rayonnement et public :\u00a0<\/span><\/h1><p>\u00a0<\/p><p dir=\"ltr\" style=\"line-height: 1.2; margin-top: 0pt; margin-bottom: 0pt;\"><span style=\"font-size: 12pt; font-family: 'Libre Franklin',sans-serif; color: #000000; background-color: transparent; font-weight: 400; font-style: normal; font-variant: normal; text-decoration: none; vertical-align: baseline; white-space: pre-wrap;\">Le CCAS de Loos-en-Gohelle est situ\u00e9 sur la place de la mairie et touche donc les habitants de la commune n\u00e9cessitant ses services. <\/span><\/p><div><span style=\"font-size: 12pt; font-family: 'Libre Franklin',sans-serif; color: #000000; background-color: transparent; font-weight: 400; font-style: normal; font-variant: normal; text-decoration: none; vertical-align: baseline; white-space: pre-wrap;\">\u00a0<\/span><\/div>\t\t\t\t\t\t<\/div>\n\t\t\t\t<\/div>\n\t\t\t\t\t<\/div>\n\t\t<\/div>\n\t\t\t\t\t\t\t<\/div>\n\t\t<\/section>\n\t\t\t\t\t\t<\/div>\n\t\t\t\t\t<\/div>\n\t\t","protected":false},"excerpt":{"rendered":"<p>CCAS de Loos-en-Gohelle \u00a0 Repr\u00e9sentante :\u00a0 Christine OULD-RABAH (Directrice) Contact et adresse :\u00a0 03 21 69 09 58 christine.ould-rabah@loos-en-gohelle.fr Place de la R\u00e9publique, 62750 Loos-en-Gohelle Type de structure :\u00a0 Centre Communal d\u2019Action Sociale (\u00e9tablissement public&hellip;<\/p>\n","protected":false},"author":1,"featured_media":0,"parent":0,"menu_order":0,"comment_status":"closed","ping_status":"closed","template":"","meta":[],"_links":{"self":[{"href":"https:\/\/bienmangerbassinminier.fr\/index.php?rest_route=\/wp\/v2\/pages\/511"}],"collection":[{"href":"https:\/\/bienmangerbassinminier.fr\/index.php?rest_route=\/wp\/v2\/pages"}],"about":[{"href":"https:\/\/bienmangerbassinminier.fr\/index.php?rest_route=\/wp\/v2\/types\/page"}],"author":[{"embeddable":true,"href":"https:\/\/bienmangerbassinminier.fr\/index.php?rest_route=\/wp\/v2\/users\/1"}],"replies":[{"embeddable":true,"href":"https:\/\/bienmangerbassinminier.fr\/index.php?rest_route=%2Fwp%2Fv2%2Fcomments&post=511"}],"version-history":[{"count":19,"href":"https:\/\/bienmangerbassinminier.fr\/index.php?rest_route=\/wp\/v2\/pages\/511\/revisions"}],"predecessor-version":[{"id":655,"href":"https:\/\/bienmangerbassinminier.fr\/index.php?rest_route=\/wp\/v2\/pages\/511\/revisions\/655"}],"wp:attachment":[{"href":"https:\/\/bienmangerbassinminier.fr\/index.php?rest_route=%2Fwp%2Fv2%2Fmedia&parent=511"}],"curies":[{"name":"wp","href":"https:\/\/api.w.org\/{rel}","templated":true}]}}